{"id":2493,"date":"2023-03-01T12:54:47","date_gmt":"2023-03-01T12:54:47","guid":{"rendered":"https:\/\/hannesnhof.at\/oetztal\/vacation-apartment-location-arrival\/"},"modified":"2024-01-11T12:17:56","modified_gmt":"2024-01-11T12:17:56","slug":"vacation-apartment-location-arrival","status":"publish","type":"page","link":"https:\/\/www.hannesnhof.at\/en\/oetztal\/vacation-apartment-location-arrival\/","title":{"rendered":"Location &amp; directions"},"content":{"rendered":"\t\t<div data-elementor-type=\"wp-page\" data-elementor-id=\"2493\" class=\"elementor elementor-2493 elementor-38\" data-elementor-post-type=\"page\">\n\t\t\t\t\t\t<section class=\"elementor-section elementor-top-section elementor-element elementor-element-507d7d84 elementor-section-full_width elementor-section-height-min-height brb hero elementor-section-content-middle elementor-section-items-bottom elementor-section-height-default\" data-id=\"507d7d84\" data-element_type=\"section\" data-e-type=\"section\" data-settings=\"{&quot;background_background&quot;:&quot;classic&quot;}\">\n\t\t\t\t\t\t<div class=\"elementor-container elementor-column-gap-default\">\n\t\t\t\t\t<div class=\"elementor-column elementor-col-100 elementor-top-column elementor-element elementor-element-5c963efb\" data-id=\"5c963efb\" data-element_type=\"column\" data-e-type=\"column\" data-settings=\"{&quot;background_background&quot;:&quot;classic&quot;}\">\n\t\t\t<div class=\"elementor-widget-wrap elementor-element-populated\">\n\t\t\t\t\t\t<div class=\"elementor-element elementor-element-2bcbadfb elementor-widget elementor-widget-heading\" data-id=\"2bcbadfb\" data-element_type=\"widget\" data-e-type=\"widget\" data-widget_type=\"heading.default\">\n\t\t\t\t<div class=\"elementor-widget-container\">\n\t\t\t\t\t<h1 class=\"elementor-heading-title elementor-size-default\">Location &amp; directions<\/h1>\t\t\t\t<\/div>\n\t\t\t\t<\/div>\n\t\t\t\t<div class=\"elementor-element elementor-element-21fc5a5c decr-top elementor-widget elementor-widget-heading\" data-id=\"21fc5a5c\" data-element_type=\"widget\" data-e-type=\"widget\" data-widget_type=\"heading.default\">\n\t\t\t\t<div class=\"elementor-widget-container\">\n\t\t\t\t\t<h2 class=\"elementor-heading-title elementor-size-default\">Living at the Hannesnhof<\/h2>\t\t\t\t<\/div>\n\t\t\t\t<\/div>\n\t\t\t\t\t<\/div>\n\t\t<\/div>\n\t\t\t\t\t<\/div>\n\t\t<\/section>\n\t\t\t\t<section class=\"elementor-section elementor-top-section elementor-element elementor-element-6da9799 pm elementor-section-boxed elementor-section-height-default elementor-section-height-default\" data-id=\"6da9799\" data-element_type=\"section\" data-e-type=\"section\">\n\t\t\t\t\t\t<div class=\"elementor-container elementor-column-gap-default\">\n\t\t\t\t\t<div class=\"elementor-column elementor-col-100 elementor-top-column elementor-element elementor-element-5cac775d\" data-id=\"5cac775d\" data-element_type=\"column\" data-e-type=\"column\">\n\t\t\t<div class=\"elementor-widget-wrap elementor-element-populated\">\n\t\t\t\t\t\t<div class=\"elementor-element elementor-element-169f5986 elementor-widget elementor-widget-text-editor\" data-id=\"169f5986\" data-element_type=\"widget\" data-e-type=\"widget\" data-widget_type=\"text-editor.default\">\n\t\t\t\t<div class=\"elementor-widget-container\">\n\t\t\t\t\t\t\t\t\t<p>The Hannesnhof is located in Oberried, a quiet district of L\u00e4ngenfeld in the \u00d6tztal. The ski bus and hiking bus stop is within 2 minutes of walking distance.<\/p>\n\t\t\t\t\t\t\t\t<\/div>\n\t\t\t\t<\/div>\n\t\t\t\t\t<\/div>\n\t\t<\/div>\n\t\t\t\t\t<\/div>\n\t\t<\/section>\n\t\t\t\t<section class=\"elementor-section elementor-top-section elementor-element elementor-element-6d60e08 elementor-section-boxed elementor-section-height-default elementor-section-height-default\" data-id=\"6d60e08\" data-element_type=\"section\" data-e-type=\"section\">\n\t\t\t\t\t\t<div class=\"elementor-container elementor-column-gap-default\">\n\t\t\t\t\t<div class=\"elementor-column elementor-col-100 elementor-top-column elementor-element elementor-element-1ce7bf3\" data-id=\"1ce7bf3\" data-element_type=\"column\" data-e-type=\"column\" data-settings=\"{&quot;background_background&quot;:&quot;classic&quot;}\">\n\t\t\t<div class=\"elementor-widget-wrap elementor-element-populated\">\n\t\t\t\t\t\t<div class=\"elementor-element elementor-element-7bdc366 elementor-widget elementor-widget-google_maps\" data-id=\"7bdc366\" data-element_type=\"widget\" data-e-type=\"widget\" data-widget_type=\"google_maps.default\">\n\t\t\t\t<div class=\"elementor-widget-container\">\n\t\t\t\t\t\t\t<div class=\"elementor-custom-embed\">\n\t\t\t <div class=\"brlbs-cmpnt-container brlbs-cmpnt-content-blocker brlbs-cmpnt-with-individual-styles\" data-borlabs-cookie-content-blocker-id=\"google-maps\" data-borlabs-cookie-content=\"PGlmcmFtZSBsb2FkaW5nPSJsYXp5IgoJCQkJCXNyYz0iaHR0cHM6Ly9tYXBzLmdvb2dsZS5jb20vbWFwcz9xPU9iZXJyaWVkJTIwNiUyQyUyMDY0NDQlMjBMJUMzJUE0bmdlbmZlbGQmIzAzODt0PW0mIzAzODt6PTE0JiMwMzg7b3V0cHV0PWVtYmVkJiMwMzg7aXdsb2M9bmVhciIKCQkJCQl0aXRsZT0iT2JlcnJpZWQgNiwgNjQ0NCBMw6RuZ2VuZmVsZCIKCQkJCQlhcmlhLWxhYmVsPSJPYmVycmllZCA2LCA2NDQ0IEzDpG5nZW5mZWxkIgoJCQk+PC9pZnJhbWU+\"><div class=\"brlbs-cmpnt-cb-preset-b brlbs-cmpnt-cb-google-maps\"> <div class=\"brlbs-cmpnt-cb-thumbnail\" style=\"background-image: url('https:\/\/www.hannesnhof.at\/wp-content\/uploads\/borlabs-cookie\/1\/brlbs-cb-google-maps-main.png')\"><\/div> <div class=\"brlbs-cmpnt-cb-main\"> <div class=\"brlbs-cmpnt-cb-content\"> <p class=\"brlbs-cmpnt-cb-description\">You are currently viewing a placeholder content from <strong>Google Maps<\/strong>. To access the actual content, click the button below. Please note that doing so will share data with third-party providers.<\/p> <a class=\"brlbs-cmpnt-cb-provider-toggle\" href=\"#\" data-borlabs-cookie-show-provider-information role=\"button\">More Information<\/a> <\/div> <div class=\"brlbs-cmpnt-cb-buttons\"> <a class=\"brlbs-cmpnt-cb-btn\" href=\"#\" data-borlabs-cookie-unblock role=\"button\">Unblock content<\/a> <a class=\"brlbs-cmpnt-cb-btn\" href=\"#\" data-borlabs-cookie-accept-service role=\"button\" style=\"display: inherit\">Accept required service and unblock content<\/a> <\/div> <\/div> <\/div><\/div>\n\t\t<\/div>\n\t\t\t\t\t\t<\/div>\n\t\t\t\t<\/div>\n\t\t\t\t\t<\/div>\n\t\t<\/div>\n\t\t\t\t\t<\/div>\n\t\t<\/section>\n\t\t\t\t<section class=\"elementor-section elementor-top-section elementor-element elementor-element-e518935 pm animated-slow elementor-section-boxed elementor-section-height-default elementor-section-height-default\" data-id=\"e518935\" data-element_type=\"section\" data-e-type=\"section\" data-settings=\"{&quot;background_background&quot;:&quot;classic&quot;,&quot;animation&quot;:&quot;none&quot;}\">\n\t\t\t\t\t\t<div class=\"elementor-container elementor-column-gap-default\">\n\t\t\t\t\t<div class=\"elementor-column elementor-col-50 elementor-top-column elementor-element elementor-element-51f2b013\" data-id=\"51f2b013\" data-element_type=\"column\" data-e-type=\"column\">\n\t\t\t<div class=\"elementor-widget-wrap elementor-element-populated\">\n\t\t\t\t\t\t<div class=\"elementor-element elementor-element-4b8cbeb2 elementor-widget elementor-widget-heading\" data-id=\"4b8cbeb2\" data-element_type=\"widget\" data-e-type=\"widget\" data-widget_type=\"heading.default\">\n\t\t\t\t<div class=\"elementor-widget-container\">\n\t\t\t\t\t<h2 class=\"elementor-heading-title elementor-size-default\">How to get to the Hannesnhof<\/h2>\t\t\t\t<\/div>\n\t\t\t\t<\/div>\n\t\t\t\t<div class=\"elementor-element elementor-element-71729f33 ausstattung elementor-widget elementor-widget-toggle\" data-id=\"71729f33\" data-element_type=\"widget\" data-e-type=\"widget\" data-widget_type=\"toggle.default\">\n\t\t\t\t<div class=\"elementor-widget-container\">\n\t\t\t\t\t\t\t<div class=\"elementor-toggle\">\n\t\t\t\t\t\t\t<div class=\"elementor-toggle-item\">\n\t\t\t\t\t<div id=\"elementor-tab-title-1901\" class=\"elementor-tab-title\" data-tab=\"1\" role=\"button\" aria-controls=\"elementor-tab-content-1901\" aria-expanded=\"false\">\n\t\t\t\t\t\t\t\t\t\t\t\t<span class=\"elementor-toggle-icon elementor-toggle-icon-left\" aria-hidden=\"true\">\n\t\t\t\t\t\t\t\t\t\t\t\t\t\t\t<span class=\"elementor-toggle-icon-closed\"><i class=\"fas fa-chevron-down\"><\/i><\/span>\n\t\t\t\t\t\t\t\t<span class=\"elementor-toggle-icon-opened\"><i class=\"elementor-toggle-icon-opened fas fa-chevron-up\"><\/i><\/span>\n\t\t\t\t\t\t\t\t\t\t\t\t\t<\/span>\n\t\t\t\t\t\t\t\t\t\t\t\t<a class=\"elementor-toggle-title\" tabindex=\"0\">Car<\/a>\n\t\t\t\t\t<\/div>\n\n\t\t\t\t\t<div id=\"elementor-tab-content-1901\" class=\"elementor-tab-content elementor-clearfix\" data-tab=\"1\" role=\"region\" aria-labelledby=\"elementor-tab-title-1901\"><ul>\n<li>Via the Inntal freeway A12 \u2013 exit \u00d6tztal, then to L\u00e4ngenfeld (approx. 23 km\/14 miles)<\/li>\n<li>From the west through the Arlberg tunnel \u2013 exit \u00d6tztal, then to L\u00e4ngenfeld<\/li>\n<li>From the north via Fernpass \u2013 Nassereith \u2013 Imst \u2013 exit \u00d6tztal, then to L\u00e4ngenfeld<\/li>\n<li>From the north-east via Kiefersfelden \u2013 Kufstein \u2013 Innsbruck \u2013 exit \u00d6tztal, then to L\u00e4ngenfeld<\/li>\n<li>From the south over the Timmelsjoch, the Reschen- or Brennerpass to \u00d6tztal, then to L\u00e4ngenfeld<\/li>\n<li>In L\u00e4ngenfeld take the turnoff to Winklen, Oberried, Unterried.<\/li>\n<\/ul>\n<\/div>\n\t\t\t\t<\/div>\n\t\t\t\t\t\t\t<div class=\"elementor-toggle-item\">\n\t\t\t\t\t<div id=\"elementor-tab-title-1902\" class=\"elementor-tab-title\" data-tab=\"2\" role=\"button\" aria-controls=\"elementor-tab-content-1902\" aria-expanded=\"false\">\n\t\t\t\t\t\t\t\t\t\t\t\t<span class=\"elementor-toggle-icon elementor-toggle-icon-left\" aria-hidden=\"true\">\n\t\t\t\t\t\t\t\t\t\t\t\t\t\t\t<span class=\"elementor-toggle-icon-closed\"><i class=\"fas fa-chevron-down\"><\/i><\/span>\n\t\t\t\t\t\t\t\t<span class=\"elementor-toggle-icon-opened\"><i class=\"elementor-toggle-icon-opened fas fa-chevron-up\"><\/i><\/span>\n\t\t\t\t\t\t\t\t\t\t\t\t\t<\/span>\n\t\t\t\t\t\t\t\t\t\t\t\t<a class=\"elementor-toggle-title\" tabindex=\"0\">Train\/Bus<\/a>\n\t\t\t\t\t<\/div>\n\n\t\t\t\t\t<div id=\"elementor-tab-content-1902\" class=\"elementor-tab-content elementor-clearfix\" data-tab=\"2\" role=\"region\" aria-labelledby=\"elementor-tab-title-1902\"><p>Take the train to \u00d6tztal train station. From there take the bus to L\u00e4ngenfeld-Au and exit at Winklen, Oberried, Unterried.<\/p>\n<p><a href=\"https:\/\/fahrplan.oebb.at\/webapp\/#!P%7CTP!histId%7C0!histKey%7CH531682\" target=\"_blank\" rel=\"noopener\">ONLINE TRAIN SCHEDULE<\/a><\/p>\n<\/div>\n\t\t\t\t<\/div>\n\t\t\t\t\t\t\t<div class=\"elementor-toggle-item\">\n\t\t\t\t\t<div id=\"elementor-tab-title-1903\" class=\"elementor-tab-title\" data-tab=\"3\" role=\"button\" aria-controls=\"elementor-tab-content-1903\" aria-expanded=\"false\">\n\t\t\t\t\t\t\t\t\t\t\t\t<span class=\"elementor-toggle-icon elementor-toggle-icon-left\" aria-hidden=\"true\">\n\t\t\t\t\t\t\t\t\t\t\t\t\t\t\t<span class=\"elementor-toggle-icon-closed\"><i class=\"fas fa-chevron-down\"><\/i><\/span>\n\t\t\t\t\t\t\t\t<span class=\"elementor-toggle-icon-opened\"><i class=\"elementor-toggle-icon-opened fas fa-chevron-up\"><\/i><\/span>\n\t\t\t\t\t\t\t\t\t\t\t\t\t<\/span>\n\t\t\t\t\t\t\t\t\t\t\t\t<a class=\"elementor-toggle-title\" tabindex=\"0\">Airport<\/a>\n\t\t\t\t\t<\/div>\n\n\t\t\t\t\t<div id=\"elementor-tab-content-1903\" class=\"elementor-tab-content elementor-clearfix\" data-tab=\"3\" role=\"region\" aria-labelledby=\"elementor-tab-title-1903\"><p>Innsbruck Airport: 68 km\/42 miles<\/p>\n<p>Munich Airport: 216 km\/134 miles<\/p>\n<p>Salzburg Airport: 245 km\/152 miles<\/p><\/p>\n<\/div>\n\t\t\t\t<\/div>\n\t\t\t\t\t\t\t\t<\/div>\n\t\t\t\t\t\t<\/div>\n\t\t\t\t<\/div>\n\t\t\t\t\t<\/div>\n\t\t<\/div>\n\t\t\t\t<div class=\"elementor-column elementor-col-50 elementor-top-column elementor-element elementor-element-3d18e943 brtb img-square\" data-id=\"3d18e943\" data-element_type=\"column\" data-e-type=\"column\" data-settings=\"{&quot;background_background&quot;:&quot;classic&quot;}\">\n\t\t\t<div class=\"elementor-widget-wrap elementor-element-populated\">\n\t\t\t\t\t\t<div class=\"elementor-element elementor-element-1310e264 elementor-widget elementor-widget-spacer\" data-id=\"1310e264\" data-element_type=\"widget\" data-e-type=\"widget\" data-widget_type=\"spacer.default\">\n\t\t\t\t<div class=\"elementor-widget-container\">\n\t\t\t\t\t\t\t<div class=\"elementor-spacer\">\n\t\t\t<div class=\"elementor-spacer-inner\"><\/div>\n\t\t<\/div>\n\t\t\t\t\t\t<\/div>\n\t\t\t\t<\/div>\n\t\t\t\t<div class=\"elementor-element elementor-element-a253de elementor-widget__width-auto elementor-absolute elementor-widget elementor-widget-button\" data-id=\"a253de\" data-element_type=\"widget\" data-e-type=\"widget\" data-settings=\"{&quot;_position&quot;:&quot;absolute&quot;}\" data-widget_type=\"button.default\">\n\t\t\t\t<div class=\"elementor-widget-container\">\n\t\t\t\t\t\t\t\t\t<div class=\"elementor-button-wrapper\">\n\t\t\t\t\t<a class=\"elementor-button elementor-button-link elementor-size-sm\" href=\"https:\/\/www.google.at\/maps\/dir\/\/Oberried+6,+6444+Oberried\/@47.08021,10.9137763,13z\/data=!3m1!5s0x4776902674731913:0x43db1081b8ffc22!4m9!4m8!1m0!1m5!1m1!1s0x479d2f604b9dbd4f:0xcbd58de2335e6d88!2m2!1d10.9487956!2d47.0801569!3e0\" target=\"_blank\">\n\t\t\t\t\t\t<span class=\"elementor-button-content-wrapper\">\n\t\t\t\t\t\t\t\t\t<span class=\"elementor-button-text\">Route planner<\/span>\n\t\t\t\t\t<\/span>\n\t\t\t\t\t<\/a>\n\t\t\t\t<\/div>\n\t\t\t\t\t\t\t\t<\/div>\n\t\t\t\t<\/div>\n\t\t\t\t\t<\/div>\n\t\t<\/div>\n\t\t\t\t\t<\/div>\n\t\t<\/section>\n\t\t\t\t<section class=\"elementor-section elementor-top-section elementor-element elementor-element-4e524fa9 elementor-section-full_width elementor-section-height-min-height animated-slow elementor-section-height-default elementor-section-items-middle\" data-id=\"4e524fa9\" data-element_type=\"section\" data-e-type=\"section\" data-settings=\"{&quot;background_background&quot;:&quot;classic&quot;,&quot;animation&quot;:&quot;none&quot;}\">\n\t\t\t\t\t\t<div class=\"elementor-container elementor-column-gap-default\">\n\t\t\t\t\t<div class=\"elementor-column elementor-col-100 elementor-top-column elementor-element elementor-element-12d5c233\" data-id=\"12d5c233\" data-element_type=\"column\" data-e-type=\"column\">\n\t\t\t<div class=\"elementor-widget-wrap\">\n\t\t\t\t\t\t\t<\/div>\n\t\t<\/div>\n\t\t\t\t\t<\/div>\n\t\t<\/section>\n\t\t\t\t<\/div>\n\t\t","protected":false},"excerpt":{"rendered":"<p>Location &amp; directions Living at the Hannesnhof The Hannesnhof is located in Oberried, a quiet district of L\u00e4ngenfeld in the \u00d6tztal. The ski bus and hiking bus stop is within 2 minutes of walking distance. You are currently viewing a placeholder content from Google Maps. To access the actual content, click the button below. Please [&hellip;]<\/p>\n","protected":false},"author":1,"featured_media":0,"parent":2475,"menu_order":3,"comment_status":"closed","ping_status":"closed","template":"","meta":{"_acf_changed":false,"_monsterinsights_skip_tracking":false,"_monsterinsights_sitenote_active":false,"_monsterinsights_sitenote_note":"","_monsterinsights_sitenote_category":0,"footnotes":""},"class_list":["post-2493","page","type-page","status-publish","hentry"],"acf":[],"yoast_head":"<!-- This site is optimized with the Yoast SEO plugin v27.4 - https:\/\/yoast.com\/product\/yoast-seo-wordpress\/ -->\n<title>Vacation apartment \u00d6tztal | Hannesnhof in L\u00e4ngenfeld | Location &amp; Arrival<\/title>\n<meta name=\"description\" content=\"The Hannesnhof in L\u00e4ngenfeld in \u00d6tztal. Perfect starting point for hiking, skiing, only five minutes to the Aqua Dome.\" \/>\n<meta name=\"robots\" content=\"index, follow, max-snippet:-1, max-image-preview:large, max-video-preview:-1\" \/>\n<link rel=\"canonical\" href=\"https:\/\/www.hannesnhof.at\/en\/oetztal\/vacation-apartment-location-arrival\/\" \/>\n<meta property=\"og:locale\" content=\"en_US\" \/>\n<meta property=\"og:type\" content=\"article\" \/>\n<meta property=\"og:title\" content=\"Vacation apartment \u00d6tztal | Hannesnhof in L\u00e4ngenfeld | Location &amp; Arrival\" \/>\n<meta property=\"og:description\" content=\"The Hannesnhof in L\u00e4ngenfeld in \u00d6tztal. Perfect starting point for hiking, skiing, only five minutes to the Aqua Dome.\" \/>\n<meta property=\"og:url\" content=\"https:\/\/www.hannesnhof.at\/en\/oetztal\/vacation-apartment-location-arrival\/\" \/>\n<meta property=\"og:site_name\" content=\"Hannesnhof\" \/>\n<meta property=\"article:modified_time\" content=\"2024-01-11T12:17:56+00:00\" \/>\n<meta name=\"twitter:card\" content=\"summary_large_image\" \/>\n<meta name=\"twitter:label1\" content=\"Est. reading time\" \/>\n\t<meta name=\"twitter:data1\" content=\"1 minute\" \/>\n<script type=\"application\/ld+json\" class=\"yoast-schema-graph\">{\"@context\":\"https:\\\/\\\/schema.org\",\"@graph\":[{\"@type\":\"WebPage\",\"@id\":\"https:\\\/\\\/www.hannesnhof.at\\\/en\\\/oetztal\\\/vacation-apartment-location-arrival\\\/\",\"url\":\"https:\\\/\\\/www.hannesnhof.at\\\/en\\\/oetztal\\\/vacation-apartment-location-arrival\\\/\",\"name\":\"Vacation apartment \u00d6tztal | Hannesnhof in L\u00e4ngenfeld | Location & Arrival\",\"isPartOf\":{\"@id\":\"https:\\\/\\\/www.hannesnhof.at\\\/en\\\/#website\"},\"datePublished\":\"2023-03-01T12:54:47+00:00\",\"dateModified\":\"2024-01-11T12:17:56+00:00\",\"description\":\"The Hannesnhof in L\u00e4ngenfeld in \u00d6tztal. Perfect starting point for hiking, skiing, only five minutes to the Aqua Dome.\",\"breadcrumb\":{\"@id\":\"https:\\\/\\\/www.hannesnhof.at\\\/en\\\/oetztal\\\/vacation-apartment-location-arrival\\\/#breadcrumb\"},\"inLanguage\":\"en-US\",\"potentialAction\":[{\"@type\":\"ReadAction\",\"target\":[\"https:\\\/\\\/www.hannesnhof.at\\\/en\\\/oetztal\\\/vacation-apartment-location-arrival\\\/\"]}]},{\"@type\":\"BreadcrumbList\",\"@id\":\"https:\\\/\\\/www.hannesnhof.at\\\/en\\\/oetztal\\\/vacation-apartment-location-arrival\\\/#breadcrumb\",\"itemListElement\":[{\"@type\":\"ListItem\",\"position\":1,\"name\":\"Startseite\",\"item\":\"https:\\\/\\\/www.hannesnhof.at\\\/en\\\/\"},{\"@type\":\"ListItem\",\"position\":2,\"name\":\"Welcome\",\"item\":\"https:\\\/\\\/www.hannesnhof.at\\\/en\\\/\"},{\"@type\":\"ListItem\",\"position\":3,\"name\":\"Location &amp; directions\"}]},{\"@type\":\"WebSite\",\"@id\":\"https:\\\/\\\/www.hannesnhof.at\\\/en\\\/#website\",\"url\":\"https:\\\/\\\/www.hannesnhof.at\\\/en\\\/\",\"name\":\"Hannesnhof\",\"description\":\"Ferienwohnungen im \u00d6tztal | Tirol\",\"publisher\":{\"@id\":\"https:\\\/\\\/www.hannesnhof.at\\\/en\\\/#organization\"},\"potentialAction\":[{\"@type\":\"SearchAction\",\"target\":{\"@type\":\"EntryPoint\",\"urlTemplate\":\"https:\\\/\\\/www.hannesnhof.at\\\/en\\\/?s={search_term_string}\"},\"query-input\":{\"@type\":\"PropertyValueSpecification\",\"valueRequired\":true,\"valueName\":\"search_term_string\"}}],\"inLanguage\":\"en-US\"},{\"@type\":\"Organization\",\"@id\":\"https:\\\/\\\/www.hannesnhof.at\\\/en\\\/#organization\",\"name\":\"Hannesnhof\",\"url\":\"https:\\\/\\\/www.hannesnhof.at\\\/en\\\/\",\"logo\":{\"@type\":\"ImageObject\",\"inLanguage\":\"en-US\",\"@id\":\"https:\\\/\\\/www.hannesnhof.at\\\/en\\\/#\\\/schema\\\/logo\\\/image\\\/\",\"url\":\"https:\\\/\\\/www.hannesnhof.at\\\/wp-content\\\/uploads\\\/2023\\\/03\\\/hannesnhof-logo.svg\",\"contentUrl\":\"https:\\\/\\\/www.hannesnhof.at\\\/wp-content\\\/uploads\\\/2023\\\/03\\\/hannesnhof-logo.svg\",\"caption\":\"Hannesnhof\"},\"image\":{\"@id\":\"https:\\\/\\\/www.hannesnhof.at\\\/en\\\/#\\\/schema\\\/logo\\\/image\\\/\"}}]}<\/script>\n<!-- \/ Yoast SEO plugin. -->","yoast_head_json":{"title":"Vacation apartment \u00d6tztal | Hannesnhof in L\u00e4ngenfeld | Location & Arrival","description":"The Hannesnhof in L\u00e4ngenfeld in \u00d6tztal. Perfect starting point for hiking, skiing, only five minutes to the Aqua Dome.","robots":{"index":"index","follow":"follow","max-snippet":"max-snippet:-1","max-image-preview":"max-image-preview:large","max-video-preview":"max-video-preview:-1"},"canonical":"https:\/\/www.hannesnhof.at\/en\/oetztal\/vacation-apartment-location-arrival\/","og_locale":"en_US","og_type":"article","og_title":"Vacation apartment \u00d6tztal | Hannesnhof in L\u00e4ngenfeld | Location & Arrival","og_description":"The Hannesnhof in L\u00e4ngenfeld in \u00d6tztal. Perfect starting point for hiking, skiing, only five minutes to the Aqua Dome.","og_url":"https:\/\/www.hannesnhof.at\/en\/oetztal\/vacation-apartment-location-arrival\/","og_site_name":"Hannesnhof","article_modified_time":"2024-01-11T12:17:56+00:00","twitter_card":"summary_large_image","twitter_misc":{"Est. reading time":"1 minute"},"schema":{"@context":"https:\/\/schema.org","@graph":[{"@type":"WebPage","@id":"https:\/\/www.hannesnhof.at\/en\/oetztal\/vacation-apartment-location-arrival\/","url":"https:\/\/www.hannesnhof.at\/en\/oetztal\/vacation-apartment-location-arrival\/","name":"Vacation apartment \u00d6tztal | Hannesnhof in L\u00e4ngenfeld | Location & Arrival","isPartOf":{"@id":"https:\/\/www.hannesnhof.at\/en\/#website"},"datePublished":"2023-03-01T12:54:47+00:00","dateModified":"2024-01-11T12:17:56+00:00","description":"The Hannesnhof in L\u00e4ngenfeld in \u00d6tztal. Perfect starting point for hiking, skiing, only five minutes to the Aqua Dome.","breadcrumb":{"@id":"https:\/\/www.hannesnhof.at\/en\/oetztal\/vacation-apartment-location-arrival\/#breadcrumb"},"inLanguage":"en-US","potentialAction":[{"@type":"ReadAction","target":["https:\/\/www.hannesnhof.at\/en\/oetztal\/vacation-apartment-location-arrival\/"]}]},{"@type":"BreadcrumbList","@id":"https:\/\/www.hannesnhof.at\/en\/oetztal\/vacation-apartment-location-arrival\/#breadcrumb","itemListElement":[{"@type":"ListItem","position":1,"name":"Startseite","item":"https:\/\/www.hannesnhof.at\/en\/"},{"@type":"ListItem","position":2,"name":"Welcome","item":"https:\/\/www.hannesnhof.at\/en\/"},{"@type":"ListItem","position":3,"name":"Location &amp; directions"}]},{"@type":"WebSite","@id":"https:\/\/www.hannesnhof.at\/en\/#website","url":"https:\/\/www.hannesnhof.at\/en\/","name":"Hannesnhof","description":"Ferienwohnungen im \u00d6tztal | Tirol","publisher":{"@id":"https:\/\/www.hannesnhof.at\/en\/#organization"},"potentialAction":[{"@type":"SearchAction","target":{"@type":"EntryPoint","urlTemplate":"https:\/\/www.hannesnhof.at\/en\/?s={search_term_string}"},"query-input":{"@type":"PropertyValueSpecification","valueRequired":true,"valueName":"search_term_string"}}],"inLanguage":"en-US"},{"@type":"Organization","@id":"https:\/\/www.hannesnhof.at\/en\/#organization","name":"Hannesnhof","url":"https:\/\/www.hannesnhof.at\/en\/","logo":{"@type":"ImageObject","inLanguage":"en-US","@id":"https:\/\/www.hannesnhof.at\/en\/#\/schema\/logo\/image\/","url":"https:\/\/www.hannesnhof.at\/wp-content\/uploads\/2023\/03\/hannesnhof-logo.svg","contentUrl":"https:\/\/www.hannesnhof.at\/wp-content\/uploads\/2023\/03\/hannesnhof-logo.svg","caption":"Hannesnhof"},"image":{"@id":"https:\/\/www.hannesnhof.at\/en\/#\/schema\/logo\/image\/"}}]}},"_links":{"self":[{"href":"https:\/\/www.hannesnhof.at\/en\/wp-json\/wp\/v2\/pages\/2493","targetHints":{"allow":["GET"]}}],"collection":[{"href":"https:\/\/www.hannesnhof.at\/en\/wp-json\/wp\/v2\/pages"}],"about":[{"href":"https:\/\/www.hannesnhof.at\/en\/wp-json\/wp\/v2\/types\/page"}],"author":[{"embeddable":true,"href":"https:\/\/www.hannesnhof.at\/en\/wp-json\/wp\/v2\/users\/1"}],"replies":[{"embeddable":true,"href":"https:\/\/www.hannesnhof.at\/en\/wp-json\/wp\/v2\/comments?post=2493"}],"version-history":[{"count":3,"href":"https:\/\/www.hannesnhof.at\/en\/wp-json\/wp\/v2\/pages\/2493\/revisions"}],"predecessor-version":[{"id":3515,"href":"https:\/\/www.hannesnhof.at\/en\/wp-json\/wp\/v2\/pages\/2493\/revisions\/3515"}],"up":[{"embeddable":true,"href":"https:\/\/www.hannesnhof.at\/en\/wp-json\/wp\/v2\/pages\/2475"}],"wp:attachment":[{"href":"https:\/\/www.hannesnhof.at\/en\/wp-json\/wp\/v2\/media?parent=2493"}],"curies":[{"name":"wp","href":"https:\/\/api.w.org\/{rel}","templated":true}]}}